{"id":5279,"date":"2021-04-09T19:03:44","date_gmt":"2021-04-09T19:03:44","guid":{"rendered":"https:\/\/emetcorporation.com\/es\/?post_type=product&#038;p=5279"},"modified":"2021-06-10T17:11:52","modified_gmt":"2021-06-10T17:11:52","slug":"e760n","status":"publish","type":"product","link":"https:\/\/emetcorporation.com\/es\/producto\/e760n\/","title":{"rendered":"E755N &amp; E785N"},"content":{"rendered":"<p>Referencia: E755N &amp; E785N<br \/>\nDescripci\u00f3n: Shorts y Falda Shorts Escolar<br \/>\nComposici\u00f3n: 100% Poli\u00e9ster<br \/>\nColor: Azul<br \/>\nTallas:\u00a0 2-4-6-8<br \/>\nPa\u00eds de Origen: CHINA<\/p>\n","protected":false},"excerpt":{"rendered":"<p>Referencia: E755N &amp; E785N Descripci\u00f3n: Shorts y Falda Shorts Escolar Composici\u00f3n: 100% Poli\u00e9ster Color: Azul Tallas:\u00a0 2-4-6-8 Pa\u00eds de Origen: CHINA<\/p>\n","protected":false},"featured_media":5281,"comment_status":"open","ping_status":"closed","template":"","meta":[],"product_cat":[337,16,263,280,290,306],"product_tag":[],"_links":{"self":[{"href":"https:\/\/emetcorporation.com\/es\/wp-json\/wp\/v2\/product\/5279"}],"collection":[{"href":"https:\/\/emetcorporation.com\/es\/wp-json\/wp\/v2\/product"}],"about":[{"href":"https:\/\/emetcorporation.com\/es\/wp-json\/wp\/v2\/types\/product"}],"replies":[{"embeddable":true,"href":"https:\/\/emetcorporation.com\/es\/wp-json\/wp\/v2\/comments?post=5279"}],"wp:featuredmedia":[{"embeddable":true,"href":"https:\/\/emetcorporation.com\/es\/wp-json\/wp\/v2\/media\/5281"}],"wp:attachment":[{"href":"https:\/\/emetcorporation.com\/es\/wp-json\/wp\/v2\/media?parent=5279"}],"wp:term":[{"taxonomy":"product_cat","embeddable":true,"href":"https:\/\/emetcorporation.com\/es\/wp-json\/wp\/v2\/product_cat?post=5279"},{"taxonomy":"product_tag","embeddable":true,"href":"https:\/\/emetcorporation.com\/es\/wp-json\/wp\/v2\/product_tag?post=5279"}],"curies":[{"name":"wp","href":"https:\/\/api.w.org\/{rel}","templated":true}]}}