{"id":5283,"date":"2021-04-09T19:08:46","date_gmt":"2021-04-09T19:08:46","guid":{"rendered":"https:\/\/emetcorporation.com\/es\/?post_type=product&#038;p=5283"},"modified":"2021-04-09T19:44:49","modified_gmt":"2021-04-09T19:44:49","slug":"e795n","status":"publish","type":"product","link":"https:\/\/emetcorporation.com\/es\/producto\/e795n\/","title":{"rendered":"E795N"},"content":{"rendered":"<p>Referencia: E795N<br \/>\nDescripci\u00f3n: Conjunto 2pc Terry Escolar<br \/>\nComposici\u00f3n: 65% Poli\u00e9ster, 35%Algodon<br \/>\nColor: Azul<br \/>\nUnisex: S-M-L-XL<br \/>\nNi\u00f1@s Juvenil: 10-12-14-16-18<br \/>\nNi\u00f1@s Infantil: 2-4-6-8<br \/>\nPa\u00eds de Origen: CHINA<\/p>\n","protected":false},"excerpt":{"rendered":"<p>Referencia: E795N Descripci\u00f3n: Conjunto 2pc Terry Escolar Composici\u00f3n: 65% Poli\u00e9ster, 35%Algodon Color: Azul Unisex: S-M-L-XL Ni\u00f1@s Juvenil: 10-12-14-16-18 Ni\u00f1@s Infantil: 2-4-6-8 Pa\u00eds de Origen: CHINA<\/p>\n","protected":false},"featured_media":5285,"comment_status":"open","ping_status":"closed","template":"","meta":[],"product_cat":[345,333,16,263,280,283,306],"product_tag":[],"_links":{"self":[{"href":"https:\/\/emetcorporation.com\/es\/wp-json\/wp\/v2\/product\/5283"}],"collection":[{"href":"https:\/\/emetcorporation.com\/es\/wp-json\/wp\/v2\/product"}],"about":[{"href":"https:\/\/emetcorporation.com\/es\/wp-json\/wp\/v2\/types\/product"}],"replies":[{"embeddable":true,"href":"https:\/\/emetcorporation.com\/es\/wp-json\/wp\/v2\/comments?post=5283"}],"wp:featuredmedia":[{"embeddable":true,"href":"https:\/\/emetcorporation.com\/es\/wp-json\/wp\/v2\/media\/5285"}],"wp:attachment":[{"href":"https:\/\/emetcorporation.com\/es\/wp-json\/wp\/v2\/media?parent=5283"}],"wp:term":[{"taxonomy":"product_cat","embeddable":true,"href":"https:\/\/emetcorporation.com\/es\/wp-json\/wp\/v2\/product_cat?post=5283"},{"taxonomy":"product_tag","embeddable":true,"href":"https:\/\/emetcorporation.com\/es\/wp-json\/wp\/v2\/product_tag?post=5283"}],"curies":[{"name":"wp","href":"https:\/\/api.w.org\/{rel}","templated":true}]}}