{"id":5426,"date":"2021-06-10T17:10:33","date_gmt":"2021-06-10T17:10:33","guid":{"rendered":"https:\/\/emetcorporation.com\/es\/?post_type=product&#038;p=5426"},"modified":"2021-06-10T17:27:14","modified_gmt":"2021-06-10T17:27:14","slug":"pack20","status":"publish","type":"product","link":"https:\/\/emetcorporation.com\/es\/producto\/pack20\/","title":{"rendered":"PACK20"},"content":{"rendered":"<p>Referencia: PACK20<br \/>\nDescripci\u00f3n: Media Escolar Ni\u00f1os y Ni\u00f1as<br \/>\nComposici\u00f3n: 75% Algod\u00f3n, 20% Poliester, 3% Nylon, 2% Spandex<br \/>\nColor: Azul<br \/>\nTallas:  4-6-8-10-12-14-16-18<br \/>\nPa\u00eds de Origen: CHINA<\/p>\n","protected":false},"excerpt":{"rendered":"<p>Referencia: PACK20 Descripci\u00f3n: Media Escolar Ni\u00f1os y Ni\u00f1as Composici\u00f3n: 75% Algod\u00f3n, 20% Poliester, 3% Nylon, 2% Spandex Color: Azul Tallas: 4-6-8-10-12-14-16-18 Pa\u00eds de Origen: CHINA<\/p>\n","protected":false},"featured_media":5428,"comment_status":"open","ping_status":"closed","template":"","meta":[],"product_cat":[16,263,280,306],"product_tag":[],"_links":{"self":[{"href":"https:\/\/emetcorporation.com\/es\/wp-json\/wp\/v2\/product\/5426"}],"collection":[{"href":"https:\/\/emetcorporation.com\/es\/wp-json\/wp\/v2\/product"}],"about":[{"href":"https:\/\/emetcorporation.com\/es\/wp-json\/wp\/v2\/types\/product"}],"replies":[{"embeddable":true,"href":"https:\/\/emetcorporation.com\/es\/wp-json\/wp\/v2\/comments?post=5426"}],"wp:featuredmedia":[{"embeddable":true,"href":"https:\/\/emetcorporation.com\/es\/wp-json\/wp\/v2\/media\/5428"}],"wp:attachment":[{"href":"https:\/\/emetcorporation.com\/es\/wp-json\/wp\/v2\/media?parent=5426"}],"wp:term":[{"taxonomy":"product_cat","embeddable":true,"href":"https:\/\/emetcorporation.com\/es\/wp-json\/wp\/v2\/product_cat?post=5426"},{"taxonomy":"product_tag","embeddable":true,"href":"https:\/\/emetcorporation.com\/es\/wp-json\/wp\/v2\/product_tag?post=5426"}],"curies":[{"name":"wp","href":"https:\/\/api.w.org\/{rel}","templated":true}]}}