{"id":6233,"date":"2022-02-14T20:05:45","date_gmt":"2022-02-14T20:05:45","guid":{"rendered":"https:\/\/emetcorporation.com\/es\/?post_type=product&#038;p=6233"},"modified":"2022-02-14T20:05:45","modified_gmt":"2022-02-14T20:05:45","slug":"ejmm64584","status":"publish","type":"product","link":"https:\/\/emetcorporation.com\/es\/producto\/ejmm64584\/","title":{"rendered":"EJMM64584"},"content":{"rendered":"<p>Descripci\u00f3n: SHORT P\/HOMBRE<br \/>\nCaballero S-M-L-XL<br \/>\nNi\u00f1os Juvenil 10-18<br \/>\nNi\u00f1os Infantil 2-8<br \/>\nComposici\u00f3n: 100%POLIESTER<br \/>\nColor: AZUL,GRIS,CELESTE,NEGRO,AZUL MARINO ENTRE OTROS..<br \/>\nPa\u00eds de Origen: CHINA<\/p>\n","protected":false},"excerpt":{"rendered":"<p>Descripci\u00f3n: SHORT P\/HOMBRE Caballero S-M-L-XL Ni\u00f1os Juvenil 10-18 Ni\u00f1os Infantil 2-8 Composici\u00f3n: 100%POLIESTER Color: AZUL,GRIS,CELESTE,NEGRO,AZUL MARINO ENTRE OTROS.. Pa\u00eds de Origen: CHINA<\/p>\n","protected":false},"featured_media":6234,"comment_status":"open","ping_status":"closed","template":"","meta":[],"product_cat":[331,16,263,294,299,306],"product_tag":[],"_links":{"self":[{"href":"https:\/\/emetcorporation.com\/es\/wp-json\/wp\/v2\/product\/6233"}],"collection":[{"href":"https:\/\/emetcorporation.com\/es\/wp-json\/wp\/v2\/product"}],"about":[{"href":"https:\/\/emetcorporation.com\/es\/wp-json\/wp\/v2\/types\/product"}],"replies":[{"embeddable":true,"href":"https:\/\/emetcorporation.com\/es\/wp-json\/wp\/v2\/comments?post=6233"}],"wp:featuredmedia":[{"embeddable":true,"href":"https:\/\/emetcorporation.com\/es\/wp-json\/wp\/v2\/media\/6234"}],"wp:attachment":[{"href":"https:\/\/emetcorporation.com\/es\/wp-json\/wp\/v2\/media?parent=6233"}],"wp:term":[{"taxonomy":"product_cat","embeddable":true,"href":"https:\/\/emetcorporation.com\/es\/wp-json\/wp\/v2\/product_cat?post=6233"},{"taxonomy":"product_tag","embeddable":true,"href":"https:\/\/emetcorporation.com\/es\/wp-json\/wp\/v2\/product_tag?post=6233"}],"curies":[{"name":"wp","href":"https:\/\/api.w.org\/{rel}","templated":true}]}}