{"id":6241,"date":"2022-02-14T20:18:01","date_gmt":"2022-02-14T20:18:01","guid":{"rendered":"https:\/\/emetcorporation.com\/es\/?post_type=product&#038;p=6241"},"modified":"2022-02-14T20:18:01","modified_gmt":"2022-02-14T20:18:01","slug":"21i04-02-206-b","status":"publish","type":"product","link":"https:\/\/emetcorporation.com\/es\/producto\/21i04-02-206-b\/","title":{"rendered":"21I04-02-206-B"},"content":{"rendered":"<p>Descripci\u00f3n: SHORT P\/NI\u00d1AS<br \/>\nDama S-M-L-XL<br \/>\nNi\u00f1as Juvenil 10-18<br \/>\nNi\u00f1as Infantil 2-8<br \/>\nComposici\u00f3n: 78%ALGODON,20%POLIESTER,2%ELASTANO<br \/>\nColor: MOSTAZA, VERDE, ROJO,ENTRE OTROS&#8230;<br \/>\nPa\u00eds de Origen: CHINA<\/p>\n","protected":false},"excerpt":{"rendered":"<p>Descripci\u00f3n: SHORT P\/NI\u00d1AS Dama S-M-L-XL Ni\u00f1as Juvenil 10-18 Ni\u00f1as Infantil 2-8 Composici\u00f3n: 78%ALGODON,20%POLIESTER,2%ELASTANO Color: MOSTAZA, VERDE, ROJO,ENTRE OTROS&#8230; Pa\u00eds de Origen: CHINA<\/p>\n","protected":false},"featured_media":6240,"comment_status":"open","ping_status":"closed","template":"","meta":[],"product_cat":[16,263,264,324,280,290],"product_tag":[],"_links":{"self":[{"href":"https:\/\/emetcorporation.com\/es\/wp-json\/wp\/v2\/product\/6241"}],"collection":[{"href":"https:\/\/emetcorporation.com\/es\/wp-json\/wp\/v2\/product"}],"about":[{"href":"https:\/\/emetcorporation.com\/es\/wp-json\/wp\/v2\/types\/product"}],"replies":[{"embeddable":true,"href":"https:\/\/emetcorporation.com\/es\/wp-json\/wp\/v2\/comments?post=6241"}],"wp:featuredmedia":[{"embeddable":true,"href":"https:\/\/emetcorporation.com\/es\/wp-json\/wp\/v2\/media\/6240"}],"wp:attachment":[{"href":"https:\/\/emetcorporation.com\/es\/wp-json\/wp\/v2\/media?parent=6241"}],"wp:term":[{"taxonomy":"product_cat","embeddable":true,"href":"https:\/\/emetcorporation.com\/es\/wp-json\/wp\/v2\/product_cat?post=6241"},{"taxonomy":"product_tag","embeddable":true,"href":"https:\/\/emetcorporation.com\/es\/wp-json\/wp\/v2\/product_tag?post=6241"}],"curies":[{"name":"wp","href":"https:\/\/api.w.org\/{rel}","templated":true}]}}