{"id":6242,"date":"2022-02-14T20:26:21","date_gmt":"2022-02-14T20:26:21","guid":{"rendered":"https:\/\/emetcorporation.com\/es\/?post_type=product&#038;p=6242"},"modified":"2022-02-14T20:27:08","modified_gmt":"2022-02-14T20:27:08","slug":"6242","status":"publish","type":"product","link":"https:\/\/emetcorporation.com\/es\/producto\/6242\/","title":{"rendered":"EMH-1917-MIX-21"},"content":{"rendered":"<p>Descripci\u00f3n: SHORTS MICROFIBRA P\/DAMA<br \/>\nDama S-M-L-XL<br \/>\nNi\u00f1as Juvenil 10-18<br \/>\nNi\u00f1as Infantil 2-8<br \/>\nComposici\u00f3n: 100% POLYESTER<br \/>\nColor: FIUSHA-VERDE-NEGRO ENTRE OTROS&#8230;<br \/>\nPa\u00eds de Origen: CHINA<\/p>\n","protected":false},"excerpt":{"rendered":"<p>Descripci\u00f3n: SHORTS MICROFIBRA P\/DAMA Dama S-M-L-XL Ni\u00f1as Juvenil 10-18 Ni\u00f1as Infantil 2-8 Composici\u00f3n: 100% POLYESTER Color: FIUSHA-VERDE-NEGRO ENTRE OTROS&#8230; Pa\u00eds de Origen: CHINA<\/p>\n","protected":false},"featured_media":6236,"comment_status":"open","ping_status":"closed","template":"","meta":[],"product_cat":[319,16,264,276,280,286],"product_tag":[],"_links":{"self":[{"href":"https:\/\/emetcorporation.com\/es\/wp-json\/wp\/v2\/product\/6242"}],"collection":[{"href":"https:\/\/emetcorporation.com\/es\/wp-json\/wp\/v2\/product"}],"about":[{"href":"https:\/\/emetcorporation.com\/es\/wp-json\/wp\/v2\/types\/product"}],"replies":[{"embeddable":true,"href":"https:\/\/emetcorporation.com\/es\/wp-json\/wp\/v2\/comments?post=6242"}],"wp:featuredmedia":[{"embeddable":true,"href":"https:\/\/emetcorporation.com\/es\/wp-json\/wp\/v2\/media\/6236"}],"wp:attachment":[{"href":"https:\/\/emetcorporation.com\/es\/wp-json\/wp\/v2\/media?parent=6242"}],"wp:term":[{"taxonomy":"product_cat","embeddable":true,"href":"https:\/\/emetcorporation.com\/es\/wp-json\/wp\/v2\/product_cat?post=6242"},{"taxonomy":"product_tag","embeddable":true,"href":"https:\/\/emetcorporation.com\/es\/wp-json\/wp\/v2\/product_tag?post=6242"}],"curies":[{"name":"wp","href":"https:\/\/api.w.org\/{rel}","templated":true}]}}