{"id":6244,"date":"2022-02-14T20:35:14","date_gmt":"2022-02-14T20:35:14","guid":{"rendered":"https:\/\/emetcorporation.com\/es\/?post_type=product&#038;p=6244"},"modified":"2022-02-14T20:35:15","modified_gmt":"2022-02-14T20:35:15","slug":"eemk-231220-5","status":"publish","type":"product","link":"https:\/\/emetcorporation.com\/es\/producto\/eemk-231220-5\/","title":{"rendered":"EEMK-231220-5"},"content":{"rendered":"<p>Descripci\u00f3n: PANTLON JEANS<br \/>\nCABALLERO: 30-38<br \/>\nNi\u00f1as Juvenil 10-18<br \/>\nNi\u00f1as Infantil 2-8<br \/>\nComposici\u00f3n: 100% POLYESTER<br \/>\nColor: GRIS,INDIGO,NEGRO<br \/>\nPa\u00eds de Origen: CHINA<\/p>\n","protected":false},"excerpt":{"rendered":"<p>Descripci\u00f3n: PANTLON JEANS CABALLERO: 30-38 Ni\u00f1as Juvenil 10-18 Ni\u00f1as Infantil 2-8 Composici\u00f3n: 100% POLYESTER Color: GRIS,INDIGO,NEGRO Pa\u00eds de Origen: CHINA<\/p>\n","protected":false},"featured_media":6238,"comment_status":"open","ping_status":"closed","template":"","meta":[],"product_cat":[334,16,263,294,301,306],"product_tag":[],"_links":{"self":[{"href":"https:\/\/emetcorporation.com\/es\/wp-json\/wp\/v2\/product\/6244"}],"collection":[{"href":"https:\/\/emetcorporation.com\/es\/wp-json\/wp\/v2\/product"}],"about":[{"href":"https:\/\/emetcorporation.com\/es\/wp-json\/wp\/v2\/types\/product"}],"replies":[{"embeddable":true,"href":"https:\/\/emetcorporation.com\/es\/wp-json\/wp\/v2\/comments?post=6244"}],"wp:featuredmedia":[{"embeddable":true,"href":"https:\/\/emetcorporation.com\/es\/wp-json\/wp\/v2\/media\/6238"}],"wp:attachment":[{"href":"https:\/\/emetcorporation.com\/es\/wp-json\/wp\/v2\/media?parent=6244"}],"wp:term":[{"taxonomy":"product_cat","embeddable":true,"href":"https:\/\/emetcorporation.com\/es\/wp-json\/wp\/v2\/product_cat?post=6244"},{"taxonomy":"product_tag","embeddable":true,"href":"https:\/\/emetcorporation.com\/es\/wp-json\/wp\/v2\/product_tag?post=6244"}],"curies":[{"name":"wp","href":"https:\/\/api.w.org\/{rel}","templated":true}]}}