{"id":6267,"date":"2022-02-14T21:55:25","date_gmt":"2022-02-14T21:55:25","guid":{"rendered":"https:\/\/emetcorporation.com\/es\/?post_type=product&#038;p=6267"},"modified":"2022-02-14T21:55:25","modified_gmt":"2022-02-14T21:55:25","slug":"20eme-221","status":"publish","type":"product","link":"https:\/\/emetcorporation.com\/es\/producto\/20eme-221\/","title":{"rendered":"20EME-221"},"content":{"rendered":"<p>Descripci\u00f3n: SUETER POLO<br \/>\nCABALLERO: S-M-L-XL<br \/>\nNi\u00f1os Juvenil: 8-18<br \/>\nNi\u00f1os Infantil: 2-8<br \/>\nComposici\u00f3n: 100`%POLIESTER<br \/>\nColor: AZUL,CELESTE,AZUL MARINO,VERDE,VINO,ROJO,NEGRO,AZUL ELECTRICO,BLANCO,<br \/>\nPa\u00eds de Origen: INDIA<\/p>\n","protected":false},"excerpt":{"rendered":"<p>Descripci\u00f3n: SUETER POLO CABALLERO: S-M-L-XL Ni\u00f1os Juvenil: 8-18 Ni\u00f1os Infantil: 2-8 Composici\u00f3n: 100`%POLIESTER Color: AZUL,CELESTE,AZUL MARINO,VERDE,VINO,ROJO,NEGRO,AZUL ELECTRICO,BLANCO, Pa\u00eds de Origen: INDIA<\/p>\n","protected":false},"featured_media":6260,"comment_status":"open","ping_status":"closed","template":"","meta":[],"product_cat":[335,16,263,294,303,306],"product_tag":[],"_links":{"self":[{"href":"https:\/\/emetcorporation.com\/es\/wp-json\/wp\/v2\/product\/6267"}],"collection":[{"href":"https:\/\/emetcorporation.com\/es\/wp-json\/wp\/v2\/product"}],"about":[{"href":"https:\/\/emetcorporation.com\/es\/wp-json\/wp\/v2\/types\/product"}],"replies":[{"embeddable":true,"href":"https:\/\/emetcorporation.com\/es\/wp-json\/wp\/v2\/comments?post=6267"}],"wp:featuredmedia":[{"embeddable":true,"href":"https:\/\/emetcorporation.com\/es\/wp-json\/wp\/v2\/media\/6260"}],"wp:attachment":[{"href":"https:\/\/emetcorporation.com\/es\/wp-json\/wp\/v2\/media?parent=6267"}],"wp:term":[{"taxonomy":"product_cat","embeddable":true,"href":"https:\/\/emetcorporation.com\/es\/wp-json\/wp\/v2\/product_cat?post=6267"},{"taxonomy":"product_tag","embeddable":true,"href":"https:\/\/emetcorporation.com\/es\/wp-json\/wp\/v2\/product_tag?post=6267"}],"curies":[{"name":"wp","href":"https:\/\/api.w.org\/{rel}","templated":true}]}}