{"id":6344,"date":"2022-02-17T19:32:23","date_gmt":"2022-02-17T19:32:23","guid":{"rendered":"https:\/\/emetcorporation.com\/es\/?post_type=product&#038;p=6344"},"modified":"2022-02-17T20:48:44","modified_gmt":"2022-02-17T20:48:44","slug":"city19","status":"publish","type":"product","link":"https:\/\/emetcorporation.com\/es\/producto\/city19\/","title":{"rendered":"CITY19"},"content":{"rendered":"<p style=\"margin: 0cm\">Descripci\u00f3n: BOYS CONJUNTO 2PC SET<br \/>\nComposici\u00f3n: 100% POLYESTER<br \/>\nColor: AZUL, AZUL MARINO, ROJO, NEGRO, AZUL ELECTRICO, GRIS, ENTRE OTROS\u2026<\/p>\n<p style=\"margin: 0cm\">Bebe: 0\/3M-3\/6M-6\/9M<br \/>\nBebe: 12M-18M-24M<\/p>\n<p style=\"margin: 0cm\">Ni\u00f1os: 2T-3T-4T<br \/>\nNi\u00f1os: 5-6-7<\/p>\n<p style=\"margin: 0cm\">Ni\u00f1os: 8-10\/12<br \/>\nPa\u00eds de Origen: CHINA<\/p>\n","protected":false},"excerpt":{"rendered":"<p>Descripci\u00f3n: BOYS CONJUNTO 2PC SET Composici\u00f3n: 100% POLYESTER Color: AZUL, AZUL MARINO, ROJO, NEGRO, AZUL ELECTRICO, GRIS, ENTRE OTROS\u2026 Bebe: 0\/3M-3\/6M-6\/9M Bebe: 12M-18M-24M Ni\u00f1os: 2T-3T-4T Ni\u00f1os: 5-6-7 Ni\u00f1os: 8-10\/12 Pa\u00eds de Origen: CHINA<\/p>\n","protected":false},"featured_media":6345,"comment_status":"open","ping_status":"closed","template":"","meta":[],"product_cat":[345,331,16,263,293,282,306],"product_tag":[],"_links":{"self":[{"href":"https:\/\/emetcorporation.com\/es\/wp-json\/wp\/v2\/product\/6344"}],"collection":[{"href":"https:\/\/emetcorporation.com\/es\/wp-json\/wp\/v2\/product"}],"about":[{"href":"https:\/\/emetcorporation.com\/es\/wp-json\/wp\/v2\/types\/product"}],"replies":[{"embeddable":true,"href":"https:\/\/emetcorporation.com\/es\/wp-json\/wp\/v2\/comments?post=6344"}],"wp:featuredmedia":[{"embeddable":true,"href":"https:\/\/emetcorporation.com\/es\/wp-json\/wp\/v2\/media\/6345"}],"wp:attachment":[{"href":"https:\/\/emetcorporation.com\/es\/wp-json\/wp\/v2\/media?parent=6344"}],"wp:term":[{"taxonomy":"product_cat","embeddable":true,"href":"https:\/\/emetcorporation.com\/es\/wp-json\/wp\/v2\/product_cat?post=6344"},{"taxonomy":"product_tag","embeddable":true,"href":"https:\/\/emetcorporation.com\/es\/wp-json\/wp\/v2\/product_tag?post=6344"}],"curies":[{"name":"wp","href":"https:\/\/api.w.org\/{rel}","templated":true}]}}