{"id":6459,"date":"2022-02-18T19:02:24","date_gmt":"2022-02-18T19:02:24","guid":{"rendered":"https:\/\/emetcorporation.com\/es\/?post_type=product&#038;p=6459"},"modified":"2022-02-18T19:02:45","modified_gmt":"2022-02-18T19:02:45","slug":"gh688","status":"publish","type":"product","link":"https:\/\/emetcorporation.com\/es\/producto\/gh688\/","title":{"rendered":"GH688"},"content":{"rendered":"<p>Descripci\u00f3n: Girls soild long sleuve top lon pants<br \/>\nCalidad: 100% Algod\u00f3n<br \/>\nTallas Infantil: 2T-3T-4T<br \/>\nPa\u00eds de Origen: CHINA<\/p>\n","protected":false},"excerpt":{"rendered":"<p>Descripci\u00f3n: Girls soild long sleuve top lon pants Calidad: 100% Algod\u00f3n Tallas Infantil: 2T-3T-4T Pa\u00eds de Origen: CHINA<\/p>\n","protected":false},"featured_media":6428,"comment_status":"open","ping_status":"closed","template":"","meta":[],"product_cat":[16,263,280,284,306,308],"product_tag":[],"_links":{"self":[{"href":"https:\/\/emetcorporation.com\/es\/wp-json\/wp\/v2\/product\/6459"}],"collection":[{"href":"https:\/\/emetcorporation.com\/es\/wp-json\/wp\/v2\/product"}],"about":[{"href":"https:\/\/emetcorporation.com\/es\/wp-json\/wp\/v2\/types\/product"}],"replies":[{"embeddable":true,"href":"https:\/\/emetcorporation.com\/es\/wp-json\/wp\/v2\/comments?post=6459"}],"wp:featuredmedia":[{"embeddable":true,"href":"https:\/\/emetcorporation.com\/es\/wp-json\/wp\/v2\/media\/6428"}],"wp:attachment":[{"href":"https:\/\/emetcorporation.com\/es\/wp-json\/wp\/v2\/media?parent=6459"}],"wp:term":[{"taxonomy":"product_cat","embeddable":true,"href":"https:\/\/emetcorporation.com\/es\/wp-json\/wp\/v2\/product_cat?post=6459"},{"taxonomy":"product_tag","embeddable":true,"href":"https:\/\/emetcorporation.com\/es\/wp-json\/wp\/v2\/product_tag?post=6459"}],"curies":[{"name":"wp","href":"https:\/\/api.w.org\/{rel}","templated":true}]}}