{"id":6466,"date":"2022-02-18T21:25:27","date_gmt":"2022-02-18T21:25:27","guid":{"rendered":"https:\/\/emetcorporation.com\/es\/?post_type=product&#038;p=6466"},"modified":"2022-02-18T21:25:27","modified_gmt":"2022-02-18T21:25:27","slug":"xesmij-mar114","status":"publish","type":"product","link":"https:\/\/emetcorporation.com\/es\/producto\/xesmij-mar114\/","title":{"rendered":"XESMIJ-MAR114"},"content":{"rendered":"<p>Descripci\u00f3n: Conjunto 3pcs set ni\u00f1a<br \/>\nCalidad: 65%Poliester 35% Algod\u00f3n<br \/>\nNi\u00f1as:4-5\/6-6x<br \/>\nNi\u00f1as:2T-3T-4T<br \/>\nTallas Bebe:12m-18m-24m<br \/>\nPa\u00eds de Origen: CHINA<\/p>\n","protected":false},"excerpt":{"rendered":"<p>Descripci\u00f3n: Conjunto 3pcs set ni\u00f1a Calidad: 65%Poliester 35% Algod\u00f3n Ni\u00f1as:4-5\/6-6x Ni\u00f1as:2T-3T-4T Tallas Bebe:12m-18m-24m Pa\u00eds de Origen: CHINA<\/p>\n","protected":false},"featured_media":6467,"comment_status":"open","ping_status":"closed","template":"","meta":[],"product_cat":[16,263,280,323,293,282],"product_tag":[],"_links":{"self":[{"href":"https:\/\/emetcorporation.com\/es\/wp-json\/wp\/v2\/product\/6466"}],"collection":[{"href":"https:\/\/emetcorporation.com\/es\/wp-json\/wp\/v2\/product"}],"about":[{"href":"https:\/\/emetcorporation.com\/es\/wp-json\/wp\/v2\/types\/product"}],"replies":[{"embeddable":true,"href":"https:\/\/emetcorporation.com\/es\/wp-json\/wp\/v2\/comments?post=6466"}],"wp:featuredmedia":[{"embeddable":true,"href":"https:\/\/emetcorporation.com\/es\/wp-json\/wp\/v2\/media\/6467"}],"wp:attachment":[{"href":"https:\/\/emetcorporation.com\/es\/wp-json\/wp\/v2\/media?parent=6466"}],"wp:term":[{"taxonomy":"product_cat","embeddable":true,"href":"https:\/\/emetcorporation.com\/es\/wp-json\/wp\/v2\/product_cat?post=6466"},{"taxonomy":"product_tag","embeddable":true,"href":"https:\/\/emetcorporation.com\/es\/wp-json\/wp\/v2\/product_tag?post=6466"}],"curies":[{"name":"wp","href":"https:\/\/api.w.org\/{rel}","templated":true}]}}