{"id":6497,"date":"2022-02-21T16:59:58","date_gmt":"2022-02-21T16:59:58","guid":{"rendered":"https:\/\/emetcorporation.com\/es\/?post_type=product&#038;p=6497"},"modified":"2022-02-21T16:59:58","modified_gmt":"2022-02-21T16:59:58","slug":"kat1930","status":"publish","type":"product","link":"https:\/\/emetcorporation.com\/es\/producto\/kat1930\/","title":{"rendered":"KAT1930"},"content":{"rendered":"<p>Descripci\u00f3n: Conjunto 3pcs set ni\u00f1o top shorts<br \/>\nCalidad: 65%Poliester 35% Algod\u00f3n<br \/>\nNi\u00f1os: 5-7X<br \/>\nNi\u00f1os: 2T-4T<br \/>\nBebe: 0\/3M-6\/9M<br \/>\nPa\u00eds de Origen: CHINA<\/p>\n","protected":false},"excerpt":{"rendered":"<p>Descripci\u00f3n: Conjunto 3pcs set ni\u00f1o top shorts Calidad: 65%Poliester 35% Algod\u00f3n Ni\u00f1os: 5-7X Ni\u00f1os: 2T-4T Bebe: 0\/3M-6\/9M Pa\u00eds de Origen: CHINA<\/p>\n","protected":false},"featured_media":6483,"comment_status":"open","ping_status":"closed","template":"","meta":[],"product_cat":[345,16,263,293,282,306],"product_tag":[],"_links":{"self":[{"href":"https:\/\/emetcorporation.com\/es\/wp-json\/wp\/v2\/product\/6497"}],"collection":[{"href":"https:\/\/emetcorporation.com\/es\/wp-json\/wp\/v2\/product"}],"about":[{"href":"https:\/\/emetcorporation.com\/es\/wp-json\/wp\/v2\/types\/product"}],"replies":[{"embeddable":true,"href":"https:\/\/emetcorporation.com\/es\/wp-json\/wp\/v2\/comments?post=6497"}],"wp:featuredmedia":[{"embeddable":true,"href":"https:\/\/emetcorporation.com\/es\/wp-json\/wp\/v2\/media\/6483"}],"wp:attachment":[{"href":"https:\/\/emetcorporation.com\/es\/wp-json\/wp\/v2\/media?parent=6497"}],"wp:term":[{"taxonomy":"product_cat","embeddable":true,"href":"https:\/\/emetcorporation.com\/es\/wp-json\/wp\/v2\/product_cat?post=6497"},{"taxonomy":"product_tag","embeddable":true,"href":"https:\/\/emetcorporation.com\/es\/wp-json\/wp\/v2\/product_tag?post=6497"}],"curies":[{"name":"wp","href":"https:\/\/api.w.org\/{rel}","templated":true}]}}