{"id":6500,"date":"2022-02-21T17:58:39","date_gmt":"2022-02-21T17:58:39","guid":{"rendered":"https:\/\/emetcorporation.com\/es\/?post_type=product&#038;p=6500"},"modified":"2022-02-21T17:58:39","modified_gmt":"2022-02-21T17:58:39","slug":"xesmij-gx-3854","status":"publish","type":"product","link":"https:\/\/emetcorporation.com\/es\/producto\/xesmij-gx-3854\/","title":{"rendered":"XESMIJ-GX-3854"},"content":{"rendered":"<p>Descripci\u00f3n: Conjunto 2pcs set ni\u00f1a top shorts<br \/>\nCalidad: 100% Poli\u00e9ster<br \/>\nNi\u00f1as: 4-5\/6-6X<br \/>\nNi\u00f1as: 2T-4T<br \/>\nBebe: 12M-24M<br \/>\nPa\u00eds de Origen: CHINA<\/p>\n","protected":false},"excerpt":{"rendered":"<p>Descripci\u00f3n: Conjunto 2pcs set ni\u00f1a top shorts Calidad: 100% Poli\u00e9ster Ni\u00f1as: 4-5\/6-6X Ni\u00f1as: 2T-4T Bebe: 12M-24M Pa\u00eds de Origen: CHINA<\/p>\n","protected":false},"featured_media":6487,"comment_status":"open","ping_status":"closed","template":"","meta":[],"product_cat":[16,263,280,323,293,282],"product_tag":[],"_links":{"self":[{"href":"https:\/\/emetcorporation.com\/es\/wp-json\/wp\/v2\/product\/6500"}],"collection":[{"href":"https:\/\/emetcorporation.com\/es\/wp-json\/wp\/v2\/product"}],"about":[{"href":"https:\/\/emetcorporation.com\/es\/wp-json\/wp\/v2\/types\/product"}],"replies":[{"embeddable":true,"href":"https:\/\/emetcorporation.com\/es\/wp-json\/wp\/v2\/comments?post=6500"}],"wp:featuredmedia":[{"embeddable":true,"href":"https:\/\/emetcorporation.com\/es\/wp-json\/wp\/v2\/media\/6487"}],"wp:attachment":[{"href":"https:\/\/emetcorporation.com\/es\/wp-json\/wp\/v2\/media?parent=6500"}],"wp:term":[{"taxonomy":"product_cat","embeddable":true,"href":"https:\/\/emetcorporation.com\/es\/wp-json\/wp\/v2\/product_cat?post=6500"},{"taxonomy":"product_tag","embeddable":true,"href":"https:\/\/emetcorporation.com\/es\/wp-json\/wp\/v2\/product_tag?post=6500"}],"curies":[{"name":"wp","href":"https:\/\/api.w.org\/{rel}","templated":true}]}}