{"id":6501,"date":"2022-02-21T18:32:56","date_gmt":"2022-02-21T18:32:56","guid":{"rendered":"https:\/\/emetcorporation.com\/es\/?post_type=product&#038;p=6501"},"modified":"2022-02-21T18:32:56","modified_gmt":"2022-02-21T18:32:56","slug":"xesmij-xg-416","status":"publish","type":"product","link":"https:\/\/emetcorporation.com\/es\/producto\/xesmij-xg-416\/","title":{"rendered":"XESMIJ-XG-416"},"content":{"rendered":"<p>Descripci\u00f3n: Vestido de Ni\u00f1a<br \/>\nCalidad: 60% Poli\u00e9ster, 35% Algod\u00f3n, 5% Spandex<br \/>\nNi\u00f1as:4-5\/6-6x<br \/>\nNi\u00f1as:2T-3T-4T<br \/>\nBebe:12m-18m-24m<br \/>\nBebe:0\/3m-6\/9m<br \/>\nPa\u00eds de Origen: CHINA<\/p>\n","protected":false},"excerpt":{"rendered":"<p>Descripci\u00f3n: Vestido de Ni\u00f1a Calidad: 60% Poli\u00e9ster, 35% Algod\u00f3n, 5% Spandex Ni\u00f1as:4-5\/6-6x Ni\u00f1as:2T-3T-4T Bebe:12m-18m-24m Bebe:0\/3m-6\/9m Pa\u00eds de Origen: CHINA<\/p>\n","protected":false},"featured_media":6474,"comment_status":"open","ping_status":"closed","template":"","meta":[],"product_cat":[16,263,280,292,293,282],"product_tag":[],"_links":{"self":[{"href":"https:\/\/emetcorporation.com\/es\/wp-json\/wp\/v2\/product\/6501"}],"collection":[{"href":"https:\/\/emetcorporation.com\/es\/wp-json\/wp\/v2\/product"}],"about":[{"href":"https:\/\/emetcorporation.com\/es\/wp-json\/wp\/v2\/types\/product"}],"replies":[{"embeddable":true,"href":"https:\/\/emetcorporation.com\/es\/wp-json\/wp\/v2\/comments?post=6501"}],"wp:featuredmedia":[{"embeddable":true,"href":"https:\/\/emetcorporation.com\/es\/wp-json\/wp\/v2\/media\/6474"}],"wp:attachment":[{"href":"https:\/\/emetcorporation.com\/es\/wp-json\/wp\/v2\/media?parent=6501"}],"wp:term":[{"taxonomy":"product_cat","embeddable":true,"href":"https:\/\/emetcorporation.com\/es\/wp-json\/wp\/v2\/product_cat?post=6501"},{"taxonomy":"product_tag","embeddable":true,"href":"https:\/\/emetcorporation.com\/es\/wp-json\/wp\/v2\/product_tag?post=6501"}],"curies":[{"name":"wp","href":"https:\/\/api.w.org\/{rel}","templated":true}]}}