{"id":6503,"date":"2022-02-21T20:29:27","date_gmt":"2022-02-21T20:29:27","guid":{"rendered":"https:\/\/emetcorporation.com\/es\/?post_type=product&#038;p=6503"},"modified":"2022-02-21T20:30:00","modified_gmt":"2022-02-21T20:30:00","slug":"210222-1","status":"publish","type":"product","link":"https:\/\/emetcorporation.com\/es\/producto\/210222-1\/","title":{"rendered":"210222-1"},"content":{"rendered":"<p>Descripci\u00f3n: PANTALON DEPORTIVO\/ DAMA, NI\u00d1A<br \/>\nDama: S-M-L-XL<br \/>\nJuvenil:10-18<br \/>\nComposici\u00f3n: 95%POLIESTER,5%ELAST<br \/>\nColor: GRIS, ROSADO TURQUESA, Entre otros..<br \/>\nPa\u00eds de Origen: CHINA<\/p>\n","protected":false},"excerpt":{"rendered":"<p>Descripci\u00f3n: PANTALON DEPORTIVO\/ DAMA, NI\u00d1A Dama: S-M-L-XL Juvenil:10-18 Composici\u00f3n: 95%POLIESTER,5%ELAST Color: GRIS, ROSADO TURQUESA, Entre otros.. Pa\u00eds de Origen: CHINA<\/p>\n","protected":false},"featured_media":6507,"comment_status":"open","ping_status":"closed","template":"","meta":[],"product_cat":[347,16,263,264,266,280],"product_tag":[],"_links":{"self":[{"href":"https:\/\/emetcorporation.com\/es\/wp-json\/wp\/v2\/product\/6503"}],"collection":[{"href":"https:\/\/emetcorporation.com\/es\/wp-json\/wp\/v2\/product"}],"about":[{"href":"https:\/\/emetcorporation.com\/es\/wp-json\/wp\/v2\/types\/product"}],"replies":[{"embeddable":true,"href":"https:\/\/emetcorporation.com\/es\/wp-json\/wp\/v2\/comments?post=6503"}],"wp:featuredmedia":[{"embeddable":true,"href":"https:\/\/emetcorporation.com\/es\/wp-json\/wp\/v2\/media\/6507"}],"wp:attachment":[{"href":"https:\/\/emetcorporation.com\/es\/wp-json\/wp\/v2\/media?parent=6503"}],"wp:term":[{"taxonomy":"product_cat","embeddable":true,"href":"https:\/\/emetcorporation.com\/es\/wp-json\/wp\/v2\/product_cat?post=6503"},{"taxonomy":"product_tag","embeddable":true,"href":"https:\/\/emetcorporation.com\/es\/wp-json\/wp\/v2\/product_tag?post=6503"}],"curies":[{"name":"wp","href":"https:\/\/api.w.org\/{rel}","templated":true}]}}