{"id":6629,"date":"2022-02-23T15:12:28","date_gmt":"2022-02-23T15:12:28","guid":{"rendered":"https:\/\/emetcorporation.com\/es\/?post_type=product&#038;p=6629"},"modified":"2022-02-23T15:12:28","modified_gmt":"2022-02-23T15:12:28","slug":"emjm44964","status":"publish","type":"product","link":"https:\/\/emetcorporation.com\/es\/producto\/emjm44964\/","title":{"rendered":"EMJM44964"},"content":{"rendered":"<p>Descripci\u00f3n: ABRIGO P\/HOMBRE,NI\u00d1O<br \/>\nCaballero S-M-L-XL<br \/>\nNi\u00f1os Juvenil 8-18<br \/>\nColor: NEGRO, AZUL MARINO, GRIS,<br \/>\nPa\u00eds de Origen: CHINA<\/p>\n","protected":false},"excerpt":{"rendered":"<p>Descripci\u00f3n: ABRIGO P\/HOMBRE,NI\u00d1O Caballero S-M-L-XL Ni\u00f1os Juvenil 8-18 Color: NEGRO, AZUL MARINO, GRIS, Pa\u00eds de Origen: CHINA<\/p>\n","protected":false},"featured_media":6625,"comment_status":"open","ping_status":"closed","template":"","meta":[],"product_cat":[333,16,263,294,300,306],"product_tag":[],"_links":{"self":[{"href":"https:\/\/emetcorporation.com\/es\/wp-json\/wp\/v2\/product\/6629"}],"collection":[{"href":"https:\/\/emetcorporation.com\/es\/wp-json\/wp\/v2\/product"}],"about":[{"href":"https:\/\/emetcorporation.com\/es\/wp-json\/wp\/v2\/types\/product"}],"replies":[{"embeddable":true,"href":"https:\/\/emetcorporation.com\/es\/wp-json\/wp\/v2\/comments?post=6629"}],"wp:featuredmedia":[{"embeddable":true,"href":"https:\/\/emetcorporation.com\/es\/wp-json\/wp\/v2\/media\/6625"}],"wp:attachment":[{"href":"https:\/\/emetcorporation.com\/es\/wp-json\/wp\/v2\/media?parent=6629"}],"wp:term":[{"taxonomy":"product_cat","embeddable":true,"href":"https:\/\/emetcorporation.com\/es\/wp-json\/wp\/v2\/product_cat?post=6629"},{"taxonomy":"product_tag","embeddable":true,"href":"https:\/\/emetcorporation.com\/es\/wp-json\/wp\/v2\/product_tag?post=6629"}],"curies":[{"name":"wp","href":"https:\/\/api.w.org\/{rel}","templated":true}]}}