{"id":6631,"date":"2022-02-23T15:17:07","date_gmt":"2022-02-23T15:17:07","guid":{"rendered":"https:\/\/emetcorporation.com\/es\/?post_type=product&#038;p=6631"},"modified":"2022-02-23T15:17:08","modified_gmt":"2022-02-23T15:17:08","slug":"m-g22016-089","status":"publish","type":"product","link":"https:\/\/emetcorporation.com\/es\/producto\/m-g22016-089\/","title":{"rendered":"M-G22016-089"},"content":{"rendered":"<p>Descripci\u00f3n: ABRIGO P\/HOMBRE,NI\u00d1O<br \/>\nCaballero S-M-L-XL<br \/>\nNi\u00f1os Juvenil 8-18<br \/>\nColor: GRIS<br \/>\nPa\u00eds de Origen: CHINA<\/p>\n","protected":false},"excerpt":{"rendered":"<p>Descripci\u00f3n: ABRIGO P\/HOMBRE,NI\u00d1O Caballero S-M-L-XL Ni\u00f1os Juvenil 8-18 Color: GRIS Pa\u00eds de Origen: CHINA<\/p>\n","protected":false},"featured_media":6623,"comment_status":"open","ping_status":"closed","template":"","meta":[],"product_cat":[333,16,263,294,300,306],"product_tag":[],"_links":{"self":[{"href":"https:\/\/emetcorporation.com\/es\/wp-json\/wp\/v2\/product\/6631"}],"collection":[{"href":"https:\/\/emetcorporation.com\/es\/wp-json\/wp\/v2\/product"}],"about":[{"href":"https:\/\/emetcorporation.com\/es\/wp-json\/wp\/v2\/types\/product"}],"replies":[{"embeddable":true,"href":"https:\/\/emetcorporation.com\/es\/wp-json\/wp\/v2\/comments?post=6631"}],"wp:featuredmedia":[{"embeddable":true,"href":"https:\/\/emetcorporation.com\/es\/wp-json\/wp\/v2\/media\/6623"}],"wp:attachment":[{"href":"https:\/\/emetcorporation.com\/es\/wp-json\/wp\/v2\/media?parent=6631"}],"wp:term":[{"taxonomy":"product_cat","embeddable":true,"href":"https:\/\/emetcorporation.com\/es\/wp-json\/wp\/v2\/product_cat?post=6631"},{"taxonomy":"product_tag","embeddable":true,"href":"https:\/\/emetcorporation.com\/es\/wp-json\/wp\/v2\/product_tag?post=6631"}],"curies":[{"name":"wp","href":"https:\/\/api.w.org\/{rel}","templated":true}]}}